{"id":2184,"date":"2025-05-04T10:59:43","date_gmt":"2025-05-04T13:59:43","guid":{"rendered":"https:\/\/tuvemar.com.br\/?page_id=2184"},"modified":"2026-03-22T03:44:48","modified_gmt":"2026-03-22T03:44:48","slug":"oxala","status":"publish","type":"page","link":"https:\/\/tuvemar.com.br\/liturgia\/oxala\/","title":{"rendered":"Oxal\u00e1"},"content":{"rendered":"\t\t<div data-elementor-type=\"wp-page\" data-elementor-id=\"2184\" class=\"elementor elementor-2184\">\n\t\t\t\t<div class=\"elementor-element elementor-element-d1f708f fixo-topo e-flex e-con-boxed e-con e-parent\" data-id=\"d1f708f\" data-element_type=\"container\" data-e-type=\"container\">\n\t\t\t\t\t<div class=\"e-con-inner\">\n\t\t\t\t<div class=\"elementor-element elementor-element-4817ff9 elementor-widget elementor-widget-html\" data-id=\"4817ff9\" data-element_type=\"widget\" data-e-type=\"widget\" data-widget_type=\"html.default\">\n\t\t\t\t\t<style>\n  \/* Estilos gerais para o bot\u00e3o *\/\n  button.toque-button {\n    background: linear-gradient(to right, #9ADF98, #93CAE7); \/* Degrad\u00ea de fundo *\/\n    border: none; \/* Remove qualquer borda *\/\n    border-radius: 10px; \/* Bordas arredondadas em pixels *\/\n    font-family: Arial, sans-serif;\n    font-style: italic;\n    cursor: pointer;\n    display: inline-block;\n    text-align: center;\n    padding: 20px;\n    font-size: 30px;\n    color: black;\n    transition: all 0.3s ease;\n    margin-bottom: 10px; \/* Espa\u00e7o abaixo do bot\u00e3o *\/\n  }\n\n  \/* Estilos para o bot\u00e3o no mobile *\/\n  @media (max-width: 768px) {\n    button.toque-button {\n      padding: 10px;\n      font-size: 20px;\n      margin-bottom: 15px; \/* Espa\u00e7o menor no mobile (opcional) *\/\n    }\n  }\n\n  \/* Estilo de hover *\/\n  button.toque-button:hover {\n    opacity: 0.8;\n  }\n<\/style>\n\n\n\n<style>\n    \/* Tamanho padr\u00e3o da fonte e padding para dispositivos m\u00f3veis *\/\n    table {\n        font-size: 16px; \/* Ajuste para o tamanho que voc\u00ea deseja para dispositivos m\u00f3veis *\/\n    }\n\n    table td, table th {\n        padding: 10px; \/* Padding para dispositivos m\u00f3veis *\/\n        line-height: 1.4; \/* Espa\u00e7amento entre as linhas de texto no mobile *\/\n    }\n\n    \/* Para dispositivos fora do mobile, ajusta para 35px, aumenta o padding para 20px e ajusta o line-height *\/\n    @media (min-width: 768px) {\n        table {\n            font-size: 35px;\n        }\n\n        table td, table th {\n            padding: 20px; \/* Padding para dispositivos fora do mobile *\/\n            line-height: 1; \/* Espa\u00e7amento maior entre as linhas de texto fora do mobile *\/\n        }\n    }\n<\/style>\n\n\n<style>\n.fixo-topo {\n  position: fixed;\n  top: 0;\n  left: 0;\n  width: 100%;\n  z-index: 9999; \/* Fica na frente de tudo *\/\n}\nbody {\n  padding-top: 60px; \/* Ajuste isso para a altura do seu menu *\/\n}\n<\/style>\n\n<script>\ndocument.addEventListener('DOMContentLoaded', function() {\n  const elemento = document.querySelector('.fixo-topo');\n  if (elemento) {\n    elemento.style.position = 'fixed';\n    elemento.style.top = '0';\n    elemento.style.left = '0';\n    elemento.style.width = '100%';\n    elemento.style.zIndex = '9999';\n  }\n});\n<\/script>\n\n<style>\n  html {\n    scroll-padding-top: 100px; \/* Ajusta o espa\u00e7o de respiro acima da \u00e2ncora *\/\n  }\n\n  \/* Caso queira uma rolagem suave ao clicar nos links *\/\n  a[href^=\"#\"] {\n    scroll-behavior: smooth;\n  }\n<\/style>\n\n<script>\n  document.querySelectorAll('a[href^=\"#\"]').forEach(anchor => {\n    anchor.addEventListener('click', function(e) {\n      e.preventDefault();\n      document.querySelector(this.getAttribute('href')).scrollIntoView({\n        behavior: 'smooth',\n        block: 'start'\n      });\n    });\n  });\n<\/script>\n\n<style>\n  p {\n    font-size: 45px;\n    line-height: 1.4; \/* Ajusta o espa\u00e7amento entre linhas *\/\n    color: black; \/* Fonte preta *\/\n  }\n\n  h1 {\n    font-size: 55px;\n    color: black; \/* Fonte preta *\/\n  }\n\n  h2 {\n    font-size: 50px;\n    color: black; \/* Fonte preta *\/\n  }\n\n  .elementor-button-text {\n    font-size: 40px;\n    padding: 10px 10px;\n  }\n\n  @media (max-width: 768px) {\n    p {\n      font-size: 25px;\n    }\n\n    h1 {\n      font-size: 30px; \/* Ajuste para o h1 no mobile *\/\n    }\n\n    h2 {\n      font-size: 28px; \/* Ajuste para o h2 no mobile *\/\n    }\n\n    .elementor-button-text {\n      font-size: 25px; \/* Mant\u00e9m o tamanho da fonte do bot\u00e3o no mobile *\/\n      padding: 10px 10px; \/* Mant\u00e9m o padding do bot\u00e3o no mobile *\/\n    }\n  }\n<\/style>\n\n<style>\n  .inline-buttons {\n    display: flex;\n    justify-content: center;\n    gap: 10px; \/* Ajuste o espa\u00e7o entre os bot\u00f5es conforme necess\u00e1rio *\/\n  }\n\n  .inline-buttons a {\n    display: inline-block;\n    padding: 12px 24px;\n    background: linear-gradient(90deg, #9ADF98, #93CAE7);\n    color: #000000;\n    text-decoration: none;\n    border: 2px solid #000000;\n    border-radius: 5px;\n    font-weight: bold;\n    font-size: 18px;\n    text-align: center;\n    transition: opacity 0.3s ease;\n  }\n\n  \/* Estilos para telas maiores *\/\n  @media (min-width: 768px) {\n    .inline-buttons a {\n      font-size: 40px;\n      padding: 30px 30px;\n    }\n  }\n<\/style>\n  \n<style>\n  .menu-buttons {\n    display: flex;\n    justify-content: center;\n    gap: 10px;\n  }\n  .menu-buttons a {\n    display: inline-block;\n    padding: 16px 20px; \/* Padding padr\u00e3o para dispositivos maiores *\/\n    background: linear-gradient(90deg, #2D5F7F, #4C7B98);\n    color: #FFFFFF;\n    text-decoration: none;\n    border: 2px solid #000000;\n    border-radius: 5px;\n    font-weight: bold;\n    font-size: 40px; \/* Font-size padr\u00e3o para dispositivos maiores *\/\n    text-align: center;\n    transition: opacity 0.3s ease;\n  }\n\n  \/* Para dispositivos com largura at\u00e9 768px (mobile e tablets pequenos) *\/\n  @media (max-width: 768px) {\n    .menu-buttons a {\n      font-size: 16px;\n      padding: 5px 12px; \/* Padding para mobile *\/\n    }\n  }\n<\/style>\n\n\n  <style>\n    h2 {\n        margin-bottom: 20px; \/* Ajuste conforme necess\u00e1rio *\/\n    }\n<\/style>\n  <style>\n    h1 {\n        margin-bottom: 20px; \/* Ajuste conforme necess\u00e1rio *\/\n    }\n<\/style>\n\n<script>\n  document.addEventListener(\"DOMContentLoaded\", function () {\n    document.querySelectorAll(\".elementor-widget-text-editor\").forEach(function(el) {\n      el.innerHTML = el.innerHTML.replace(\/\\[espaco\\]\/g, \"&nbsp;\");\n    });\n  });\n<\/script>\n \n<style>\n  .menu-buttons {\n    margin-top: 10px;\n    margin-bottom: 10px;\n    display: flex;\n    justify-content: center;\n    gap: 20px; \/* Valor para telas maiores *\/\n  }\n\n  \/* Ajuste para telas pequenas (mobile) *\/\n  @media (max-width: 768px) {\n    .menu-buttons {\n      gap: 10px; \/* Valor para dispositivos m\u00f3veis *\/\n    }\n  }\n<\/style>\n\n<div class=\"menu-buttons\">\n  <a href=\"https:\/\/tuvemar.com.br\/liturgia\/#indice\">Liturgia<\/a>\n  <a href=\"https:\/\/tuvemar.com.br\/liturgia\/#orixas\" style=\"text-decoration: none;\">Orix\u00e1s<\/a>\n  <a href=\"https:\/\/tuvemar.com.br\/liturgia\/#guias\">Guias<\/a>\n    <a href=\"#indice\">Pontos<\/a>\n<\/div>\n\t\t\t\t<\/div>\n\t\t\t\t\t<\/div>\n\t\t\t\t<\/div>\n\t\t<div class=\"elementor-element elementor-element-d710184 e-flex e-con-boxed e-con e-parent\" data-id=\"d710184\" data-element_type=\"container\" data-e-type=\"container\">\n\t\t\t\t\t<div class=\"e-con-inner\">\n\t\t\t\t<div class=\"elementor-element elementor-element-fe94b19 elementor-hidden-mobile elementor-widget elementor-widget-spacer\" data-id=\"fe94b19\" data-element_type=\"widget\" data-e-type=\"widget\" data-widget_type=\"spacer.default\">\n\t\t\t\t\t\t\t<div class=\"elementor-spacer\">\n\t\t\t<div class=\"elementor-spacer-inner\"><\/div>\n\t\t<\/div>\n\t\t\t\t\t\t<\/div>\n\t\t\t\t\t<\/div>\n\t\t\t\t<\/div>\n\t\t<div class=\"elementor-element elementor-element-c1a73f5 e-con-full e-flex e-con e-parent\" data-id=\"c1a73f5\" data-element_type=\"container\" data-e-type=\"container\">\n\t\t<div class=\"elementor-element elementor-element-4d1ce7b e-con-full e-flex e-con e-child\" data-id=\"4d1ce7b\" data-element_type=\"container\" data-e-type=\"container\" id=\"indice\">\n\t\t<div class=\"elementor-element elementor-element-6e1222d e-con-full e-flex e-con e-child\" data-id=\"6e1222d\" data-element_type=\"container\" data-e-type=\"container\">\n\t\t\t\t<div class=\"elementor-element elementor-element-5b205e7 elementor-widget elementor-widget-heading\" data-id=\"5b205e7\" data-element_type=\"widget\" data-e-type=\"widget\" data-widget_type=\"heading.default\">\n\t\t\t\t\t<h1 class=\"elementor-heading-title elementor-size-default\">Oxal\u00e1 - \u00cdndice<\/h1>\t\t\t\t<\/div>\n\t\t\t\t<div class=\"elementor-element elementor-element-4fb63cf elementor-view-default elementor-widget elementor-widget-icon\" data-id=\"4fb63cf\" data-element_type=\"widget\" data-e-type=\"widget\" data-widget_type=\"icon.default\">\n\t\t\t\t\t\t\t<div class=\"elementor-icon-wrapper\">\n\t\t\t<a class=\"elementor-icon\" href=\"https:\/\/www.youtube.com\/watch?v=1KBtGKDob5o&#038;list=PL6jgGdCKxizauXknSJOukM4JCosA5ABvR\" target=\"_blank\">\n\t\t\t<svg aria-hidden=\"true\" class=\"e-font-icon-svg e-fab-youtube\" viewBox=\"0 0 576 512\" xmlns=\"http:\/\/www.w3.org\/2000\/svg\"><path d=\"M549.655 124.083c-6.281-23.65-24.787-42.276-48.284-48.597C458.781 64 288 64 288 64S117.22 64 74.629 75.486c-23.497 6.322-42.003 24.947-48.284 48.597-11.412 42.867-11.412 132.305-11.412 132.305s0 89.438 11.412 132.305c6.281 23.65 24.787 41.5 48.284 47.821C117.22 448 288 448 288 448s170.78 0 213.371-11.486c23.497-6.321 42.003-24.171 48.284-47.821 11.412-42.867 11.412-132.305 11.412-132.305s0-89.438-11.412-132.305zm-317.51 213.508V175.185l142.739 81.205-142.739 81.201z\"><\/path><\/svg>\t\t\t<\/a>\n\t\t<\/div>\n\t\t\t\t\t\t<\/div>\n\t\t\t\t<\/div>\n\t\t\t\t<div class=\"elementor-element elementor-element-b0c2544 elementor-align-left elementor-widget elementor-widget-button\" data-id=\"b0c2544\" data-element_type=\"widget\" data-e-type=\"widget\" data-widget_type=\"button.default\">\n\t\t\t\t\t\t\t\t\t\t<a class=\"elementor-button elementor-button-link elementor-size-sm\" href=\"#1\">\n\t\t\t\t\t\t<span class=\"elementor-button-content-wrapper\">\n\t\t\t\t\t\t\t\t\t<span class=\"elementor-button-text\">1. Afox\u00e9 de Oxal\u00e1<\/span>\n\t\t\t\t\t<\/span>\n\t\t\t\t\t<\/a>\n\t\t\t\t\t\t\t\t<\/div>\n\t\t\t\t<div class=\"elementor-element elementor-element-0df265d elementor-align-left elementor-widget elementor-widget-button\" data-id=\"0df265d\" data-element_type=\"widget\" data-e-type=\"widget\" data-widget_type=\"button.default\">\n\t\t\t\t\t\t\t\t\t\t<a class=\"elementor-button elementor-button-link elementor-size-sm\" href=\"#2\">\n\t\t\t\t\t\t<span class=\"elementor-button-content-wrapper\">\n\t\t\t\t\t\t\t\t\t<span class=\"elementor-button-text\">2. Oxal\u00e1 meu Pai<\/span>\n\t\t\t\t\t<\/span>\n\t\t\t\t\t<\/a>\n\t\t\t\t\t\t\t\t<\/div>\n\t\t\t\t<div class=\"elementor-element elementor-element-c07adef elementor-align-left elementor-widget elementor-widget-button\" data-id=\"c07adef\" data-element_type=\"widget\" data-e-type=\"widget\" data-widget_type=\"button.default\">\n\t\t\t\t\t\t\t\t\t\t<a class=\"elementor-button elementor-button-link elementor-size-sm\" href=\"#3\">\n\t\t\t\t\t\t<span class=\"elementor-button-content-wrapper\">\n\t\t\t\t\t\t\t\t\t<span class=\"elementor-button-text\">3. Oxal\u00e1 criou a terra<\/span>\n\t\t\t\t\t<\/span>\n\t\t\t\t\t<\/a>\n\t\t\t\t\t\t\t\t<\/div>\n\t\t\t\t<div class=\"elementor-element elementor-element-9ae778a elementor-align-left elementor-widget elementor-widget-button\" data-id=\"9ae778a\" data-element_type=\"widget\" data-e-type=\"widget\" data-widget_type=\"button.default\">\n\t\t\t\t\t\t\t\t\t\t<a class=\"elementor-button elementor-button-link elementor-size-sm\" href=\"#4\">\n\t\t\t\t\t\t<span class=\"elementor-button-content-wrapper\">\n\t\t\t\t\t\t\t\t\t<span class=\"elementor-button-text\">4. Subida de Oxal\u00e1<\/span>\n\t\t\t\t\t<\/span>\n\t\t\t\t\t<\/a>\n\t\t\t\t\t\t\t\t<\/div>\n\t\t\t\t<div class=\"elementor-element elementor-element-1415d48 elementor-widget__width-initial elementor-widget elementor-widget-text-editor\" data-id=\"1415d48\" data-element_type=\"widget\" data-e-type=\"widget\" id=\"1\" data-widget_type=\"text-editor.default\">\n\t\t\t\t\t\t\t\t\t<h2>1. Afox\u00e9 de Oxal\u00e1<\/h2><div><p><button class=\"toque-button\">ijex\u00e1<\/button><\/p><p>Debaixo do seu al\u00e1, misericordioso<\/p><p>Bab\u00e1 me d\u00ea protec\u00e7\u00e3o, escuta minha ora\u00e7\u00e3o<\/p><p>Me guarda com o seu al\u00e1, e guarda todo esse povo<\/p><p>Me guarda com o seu al\u00e1, e guarda todo esse povo<\/p><p>Bab\u00e1 \u00e9 senhor idoso, \u00e9 o mo\u00e7o que faz a guerra<\/p><p>\u00c9 o ar que alimenta o fogo, \u00e9 a chuva que molha a terra<\/p><p>Cajado e Opaxor\u00f4, Bab\u00e1 me estende a m\u00e3o<\/p><p>Alivia minha dor, enquanto pila o pil\u00e3o<\/p><p>Vai o cortejo Funfun, tocando o seu Ijex\u00e1<\/p><p>A soma de cem \u00e9 um, uma s\u00f3 voz a cantar<\/p><p>[espaco]<\/p><p>Orum i\u00ea al\u00e1, um al\u00e1 orum al\u00e1 (2x)<\/p><div class=\"inline-buttons\" style=\"margin-top: 24px; margin-bottom: 24px;\"><a href=\"#indice\">\u2190<br \/><\/a><br \/><a href=\"#2\">\u2192<br \/><\/a><\/div><p><iframe title=\"YouTube video player\" src=\"https:\/\/www.youtube.com\/embed\/1KBtGKDob5o?si=7hjFPIrhgG2Envy5\" width=\"560\" height=\"315\" frameborder=\"0\" allowfullscreen=\"allowfullscreen\"><\/iframe><\/p><\/div>\t\t\t\t\t\t\t\t<\/div>\n\t\t\t\t<div class=\"elementor-element elementor-element-107bcc6 elementor-widget__width-initial elementor-widget elementor-widget-text-editor\" data-id=\"107bcc6\" data-element_type=\"widget\" data-e-type=\"widget\" id=\"2\" data-widget_type=\"text-editor.default\">\n\t\t\t\t\t\t\t\t\t<h2>2. Oxal\u00e1 meu pai<\/h2><div><p><button class=\"toque-button\">ijex\u00e1<\/button><\/p><p>Oxal\u00e1 meu pai<\/p><p>Tem pena de n\u00f3s, tem d\u00f3<\/p><p>A volta do mundo \u00e9 grande<\/p><p>Seus poderes s\u00e3o maior<\/p><div class=\"inline-buttons\" style=\"margin-top: 24px; margin-bottom: 24px;\"><a href=\"#1\">\u2190<br \/><\/a><br \/><a href=\"#3\">\u2192<br \/><\/a><\/div><p><iframe title=\"YouTube video player\" src=\"https:\/\/www.youtube.com\/embed\/gT-2Cd9o7bk?si=vruUH9wTTeq8W-5C\" width=\"560\" height=\"315\" frameborder=\"0\" allowfullscreen=\"allowfullscreen\"><\/iframe><\/p><\/div>\t\t\t\t\t\t\t\t<\/div>\n\t\t\t\t<div class=\"elementor-element elementor-element-9376b7e elementor-widget__width-initial elementor-widget elementor-widget-text-editor\" data-id=\"9376b7e\" data-element_type=\"widget\" data-e-type=\"widget\" id=\"3\" data-widget_type=\"text-editor.default\">\n\t\t\t\t\t\t\t\t\t<h2>3. Oxal\u00e1 criou a terra<\/h2><div><p><button class=\"toque-button\">ijex\u00e1<\/button><\/p><p><strong>(Refr\u00e3o)<\/strong><\/p><p><strong>E Oxal\u00e1 criou a Terra<\/strong><\/p><p><strong>Oxal\u00e1 criou o Mar<\/strong><\/p><p><strong>Oxal\u00e1 criou o mundo<\/strong><\/p><p><strong>Onde reinam os Orix\u00e1s (2x)<\/strong><\/p><p>[espaco]<\/p><p>A pedra deu pra Xang\u00f4, meu pai \u00e9 rei justiceiro<\/p><p>As matas deu para Ox\u00f3ssi, ca\u00e7ador grande guerreiro<\/p><p>O mar com pescaria farta, ele deu pra lemanj\u00e1<\/p><p>Os rios deu para Oxum, os ventos para Oy\u00e1<\/p><p>Grandes campos de batalha, deu para Ogum guerreiro<\/p><p>Campinas, Pai Oxal\u00e1, deu para seu boiadeiro<\/p><p>Jardim com lindos gramados, deu para as crian\u00e7as brincar<\/p><p>Oxal\u00e1 criou o mundo onde reinam os Orix\u00e1s<\/p><p>[espaco]<\/p><p><strong>(Refr\u00e3o)<\/strong><\/p><p>[espaco]<\/p><p>O po\u00e7o deu pra Nan\u00e3, a mais velha Orix\u00e1<\/p><p>E o cruzeiro bendito, deu pras almas trabalhar<\/p><p>Finalmente deu as ruas com estrela e luar<\/p><p>Para Exu e Pombo Gira, nossos caminhos guardar<\/p><\/div><div><div class=\"inline-buttons\" style=\"margin-top: 24px; margin-bottom: 24px;\"><a href=\"#2\">\u2190<br \/><\/a><br \/><a href=\"#4\">\u2192<br \/><\/a><\/div><p><iframe title=\"YouTube video player\" src=\"https:\/\/www.youtube.com\/embed\/HGB9pqZJtMA?si=XbBD8xzZikHpXHYB\" width=\"560\" height=\"315\" frameborder=\"0\" allowfullscreen=\"allowfullscreen\"><\/iframe><\/p><\/div>\t\t\t\t\t\t\t\t<\/div>\n\t\t\t\t<div class=\"elementor-element elementor-element-fa33c12 elementor-widget__width-initial elementor-widget elementor-widget-text-editor\" data-id=\"fa33c12\" data-element_type=\"widget\" data-e-type=\"widget\" id=\"4\" data-widget_type=\"text-editor.default\">\n\t\t\t\t\t\t\t\t\t<h2>4. Subida de Oxal\u00e1<\/h2><div><p><button class=\"toque-button\">ijex\u00e1<\/button><\/p><p>Salve pai Oxal\u00e1<\/p><p>Que veio nesse cong\u00e1<\/p><p>Trazendo a sua paz<\/p><p>J\u00e1 \u00e9 hora de voltar<\/p><p>[espaco]<\/p><p>Ele volta pra Aruanda<\/p><p>E de l\u00e1 vai nos olhar<\/p><p>Sua ben\u00e7a Oxal\u00e1<\/p><p>Salve o seu caminhar<\/p><div class=\"inline-buttons\" style=\"margin-top: 24px; margin-bottom: 24px;\"><a href=\"#3\">\u2190<\/a><\/div><p><iframe title=\"YouTube video player\" src=\"https:\/\/www.youtube.com\/embed\/GgxMoxy0vQU?si=xFuiiwiVg_0Za9yk\" width=\"560\" height=\"315\" frameborder=\"0\" allowfullscreen=\"allowfullscreen\"><\/iframe><\/p><\/div>\t\t\t\t\t\t\t\t<\/div>\n\t\t\t\t<\/div>\n\t\t\t\t<\/div>\n\t\t\t\t<\/div>\n\t\t","protected":false},"excerpt":{"rendered":"<p>Liturgia Orix\u00e1s Guias Pontos Oxal\u00e1 &#8211; \u00cdndice 1. Afox\u00e9 de Oxal\u00e1 2. Oxal\u00e1 meu Pai 3. Oxal\u00e1 criou a terra 4. Subida de Oxal\u00e1 1. Afox\u00e9 de Oxal\u00e1 ijex\u00e1 Debaixo do seu al\u00e1, misericordioso Bab\u00e1 me d\u00ea protec\u00e7\u00e3o, escuta minha ora\u00e7\u00e3o Me guarda com o seu al\u00e1, e guarda todo esse povo Me guarda com [&hellip;]<\/p>\n","protected":false},"author":1,"featured_media":0,"parent":0,"menu_order":0,"comment_status":"closed","ping_status":"closed","template":"elementor_canvas","meta":{"footnotes":""},"class_list":["post-2184","page","type-page","status-publish","hentry"],"blocksy_meta":[],"_links":{"self":[{"href":"https:\/\/tuvemar.com.br\/liturgia\/wp-json\/wp\/v2\/pages\/2184","targetHints":{"allow":["GET"]}}],"collection":[{"href":"https:\/\/tuvemar.com.br\/liturgia\/wp-json\/wp\/v2\/pages"}],"about":[{"href":"https:\/\/tuvemar.com.br\/liturgia\/wp-json\/wp\/v2\/types\/page"}],"author":[{"embeddable":true,"href":"https:\/\/tuvemar.com.br\/liturgia\/wp-json\/wp\/v2\/users\/1"}],"replies":[{"embeddable":true,"href":"https:\/\/tuvemar.com.br\/liturgia\/wp-json\/wp\/v2\/comments?post=2184"}],"version-history":[{"count":1,"href":"https:\/\/tuvemar.com.br\/liturgia\/wp-json\/wp\/v2\/pages\/2184\/revisions"}],"predecessor-version":[{"id":2709,"href":"https:\/\/tuvemar.com.br\/liturgia\/wp-json\/wp\/v2\/pages\/2184\/revisions\/2709"}],"wp:attachment":[{"href":"https:\/\/tuvemar.com.br\/liturgia\/wp-json\/wp\/v2\/media?parent=2184"}],"curies":[{"name":"wp","href":"https:\/\/api.w.org\/{rel}","templated":true}]}}