{"id":2240,"date":"2025-05-18T11:27:21","date_gmt":"2025-05-18T14:27:21","guid":{"rendered":"https:\/\/tuvemar.com.br\/?page_id=2240"},"modified":"2026-03-22T03:45:11","modified_gmt":"2026-03-22T03:45:11","slug":"oxum","status":"publish","type":"page","link":"https:\/\/tuvemar.com.br\/liturgia\/oxum\/","title":{"rendered":"Oxum"},"content":{"rendered":"\t\t<div data-elementor-type=\"wp-page\" data-elementor-id=\"2240\" class=\"elementor elementor-2240\">\n\t\t\t\t<div class=\"elementor-element elementor-element-1474115 fixo-topo e-flex e-con-boxed e-con e-parent\" data-id=\"1474115\" data-element_type=\"container\" data-e-type=\"container\">\n\t\t\t\t\t<div class=\"e-con-inner\">\n\t\t\t\t<div class=\"elementor-element elementor-element-ac2582c elementor-widget elementor-widget-html\" data-id=\"ac2582c\" data-element_type=\"widget\" data-e-type=\"widget\" data-widget_type=\"html.default\">\n\t\t\t\t\t<style>\n  \/* Estilos gerais para o bot\u00e3o *\/\n  button.toque-button {\n    background: linear-gradient(to right, #9ADF98, #93CAE7); \/* Degrad\u00ea de fundo *\/\n    border: none; \/* Remove qualquer borda *\/\n    border-radius: 10px; \/* Bordas arredondadas em pixels *\/\n    font-family: Arial, sans-serif;\n    font-style: italic;\n    cursor: pointer;\n    display: inline-block;\n    text-align: center;\n    padding: 20px;\n    font-size: 30px;\n    color: black;\n    transition: all 0.3s ease;\n    margin-bottom: 10px; \/* Espa\u00e7o abaixo do bot\u00e3o *\/\n  }\n\n  \/* Estilos para o bot\u00e3o no mobile *\/\n  @media (max-width: 768px) {\n    button.toque-button {\n      padding: 10px;\n      font-size: 20px;\n      margin-bottom: 15px; \/* Espa\u00e7o menor no mobile (opcional) *\/\n    }\n  }\n\n  \/* Estilo de hover *\/\n  button.toque-button:hover {\n    opacity: 0.8;\n  }\n<\/style>\n\n\n\n<style>\n    \/* Tamanho padr\u00e3o da fonte e padding para dispositivos m\u00f3veis *\/\n    table {\n        font-size: 16px; \/* Ajuste para o tamanho que voc\u00ea deseja para dispositivos m\u00f3veis *\/\n    }\n\n    table td, table th {\n        padding: 10px; \/* Padding para dispositivos m\u00f3veis *\/\n        line-height: 1.4; \/* Espa\u00e7amento entre as linhas de texto no mobile *\/\n    }\n\n    \/* Para dispositivos fora do mobile, ajusta para 35px, aumenta o padding para 20px e ajusta o line-height *\/\n    @media (min-width: 768px) {\n        table {\n            font-size: 35px;\n        }\n\n        table td, table th {\n            padding: 20px; \/* Padding para dispositivos fora do mobile *\/\n            line-height: 1; \/* Espa\u00e7amento maior entre as linhas de texto fora do mobile *\/\n        }\n    }\n<\/style>\n\n\n<style>\n.fixo-topo {\n  position: fixed;\n  top: 0;\n  left: 0;\n  width: 100%;\n  z-index: 9999; \/* Fica na frente de tudo *\/\n}\nbody {\n  padding-top: 60px; \/* Ajuste isso para a altura do seu menu *\/\n}\n<\/style>\n\n<script>\ndocument.addEventListener('DOMContentLoaded', function() {\n  const elemento = document.querySelector('.fixo-topo');\n  if (elemento) {\n    elemento.style.position = 'fixed';\n    elemento.style.top = '0';\n    elemento.style.left = '0';\n    elemento.style.width = '100%';\n    elemento.style.zIndex = '9999';\n  }\n});\n<\/script>\n\n<style>\n  html {\n    scroll-padding-top: 100px; \/* Ajusta o espa\u00e7o de respiro acima da \u00e2ncora *\/\n  }\n\n  \/* Caso queira uma rolagem suave ao clicar nos links *\/\n  a[href^=\"#\"] {\n    scroll-behavior: smooth;\n  }\n<\/style>\n\n<script>\n  document.querySelectorAll('a[href^=\"#\"]').forEach(anchor => {\n    anchor.addEventListener('click', function(e) {\n      e.preventDefault();\n      document.querySelector(this.getAttribute('href')).scrollIntoView({\n        behavior: 'smooth',\n        block: 'start'\n      });\n    });\n  });\n<\/script>\n\n<style>\n  p {\n    font-size: 45px;\n    line-height: 1.4; \/* Ajusta o espa\u00e7amento entre linhas *\/\n    color: black; \/* Fonte preta *\/\n  }\n\n  h1 {\n    font-size: 55px;\n    color: black; \/* Fonte preta *\/\n  }\n\n  h2 {\n    font-size: 50px;\n    color: black; \/* Fonte preta *\/\n  }\n\n  .elementor-button-text {\n    font-size: 40px;\n    padding: 10px 10px;\n  }\n\n  @media (max-width: 768px) {\n    p {\n      font-size: 25px;\n    }\n\n    h1 {\n      font-size: 30px; \/* Ajuste para o h1 no mobile *\/\n    }\n\n    h2 {\n      font-size: 28px; \/* Ajuste para o h2 no mobile *\/\n    }\n\n    .elementor-button-text {\n      font-size: 25px; \/* Mant\u00e9m o tamanho da fonte do bot\u00e3o no mobile *\/\n      padding: 10px 10px; \/* Mant\u00e9m o padding do bot\u00e3o no mobile *\/\n    }\n  }\n<\/style>\n\n<style>\n  .inline-buttons {\n    display: flex;\n    justify-content: center;\n    gap: 10px; \/* Ajuste o espa\u00e7o entre os bot\u00f5es conforme necess\u00e1rio *\/\n  }\n\n  .inline-buttons a {\n    display: inline-block;\n    padding: 12px 24px;\n    background: linear-gradient(90deg, #9ADF98, #93CAE7);\n    color: #000000;\n    text-decoration: none;\n    border: 2px solid #000000;\n    border-radius: 5px;\n    font-weight: bold;\n    font-size: 18px;\n    text-align: center;\n    transition: opacity 0.3s ease;\n  }\n\n  \/* Estilos para telas maiores *\/\n  @media (min-width: 768px) {\n    .inline-buttons a {\n      font-size: 40px;\n      padding: 30px 30px;\n    }\n  }\n<\/style>\n  \n<style>\n  .menu-buttons {\n    display: flex;\n    justify-content: center;\n    gap: 10px;\n  }\n  .menu-buttons a {\n    display: inline-block;\n    padding: 16px 20px; \/* Padding padr\u00e3o para dispositivos maiores *\/\n    background: linear-gradient(90deg, #2D5F7F, #4C7B98);\n    color: #FFFFFF;\n    text-decoration: none;\n    border: 2px solid #000000;\n    border-radius: 5px;\n    font-weight: bold;\n    font-size: 40px; \/* Font-size padr\u00e3o para dispositivos maiores *\/\n    text-align: center;\n    transition: opacity 0.3s ease;\n  }\n\n  \/* Para dispositivos com largura at\u00e9 768px (mobile e tablets pequenos) *\/\n  @media (max-width: 768px) {\n    .menu-buttons a {\n      font-size: 16px;\n      padding: 5px 12px; \/* Padding para mobile *\/\n    }\n  }\n<\/style>\n\n\n  <style>\n    h2 {\n        margin-bottom: 20px; \/* Ajuste conforme necess\u00e1rio *\/\n    }\n<\/style>\n  <style>\n    h1 {\n        margin-bottom: 20px; \/* Ajuste conforme necess\u00e1rio *\/\n    }\n<\/style>\n\n<script>\n  document.addEventListener(\"DOMContentLoaded\", function () {\n    document.querySelectorAll(\".elementor-widget-text-editor\").forEach(function(el) {\n      el.innerHTML = el.innerHTML.replace(\/\\[espaco\\]\/g, \"&nbsp;\");\n    });\n  });\n<\/script>\n \n<style>\n  .menu-buttons {\n    margin-top: 10px;\n    margin-bottom: 10px;\n    display: flex;\n    justify-content: center;\n    gap: 20px; \/* Valor para telas maiores *\/\n  }\n\n  \/* Ajuste para telas pequenas (mobile) *\/\n  @media (max-width: 768px) {\n    .menu-buttons {\n      gap: 10px; \/* Valor para dispositivos m\u00f3veis *\/\n    }\n  }\n<\/style>\n\n<div class=\"menu-buttons\">\n  <a href=\"https:\/\/tuvemar.com.br\/liturgia\/#indice\">Liturgia<\/a>\n  <a href=\"https:\/\/tuvemar.com.br\/liturgia\/#orixas\" style=\"text-decoration: none;\">Orix\u00e1s<\/a>\n  <a href=\"https:\/\/tuvemar.com.br\/liturgia\/#guias\">Guias<\/a>\n    <a href=\"#indice\">Oxum<\/a>\n<\/div>\n\t\t\t\t<\/div>\n\t\t\t\t\t<\/div>\n\t\t\t\t<\/div>\n\t\t<div class=\"elementor-element elementor-element-6cfe504 e-flex e-con-boxed e-con e-parent\" data-id=\"6cfe504\" data-element_type=\"container\" data-e-type=\"container\">\n\t\t\t\t\t<div class=\"e-con-inner\">\n\t\t\t\t<div class=\"elementor-element elementor-element-9954661 elementor-hidden-mobile elementor-widget elementor-widget-spacer\" data-id=\"9954661\" data-element_type=\"widget\" data-e-type=\"widget\" data-widget_type=\"spacer.default\">\n\t\t\t\t\t\t\t<div class=\"elementor-spacer\">\n\t\t\t<div class=\"elementor-spacer-inner\"><\/div>\n\t\t<\/div>\n\t\t\t\t\t\t<\/div>\n\t\t\t\t\t<\/div>\n\t\t\t\t<\/div>\n\t\t<div class=\"elementor-element elementor-element-c1a73f5 e-con-full e-flex e-con e-parent\" data-id=\"c1a73f5\" data-element_type=\"container\" data-e-type=\"container\">\n\t\t<div class=\"elementor-element elementor-element-4d1ce7b e-con-full e-flex e-con e-child\" data-id=\"4d1ce7b\" data-element_type=\"container\" data-e-type=\"container\" id=\"indice\">\n\t\t<div class=\"elementor-element elementor-element-6e1222d e-con-full e-flex e-con e-child\" data-id=\"6e1222d\" data-element_type=\"container\" data-e-type=\"container\">\n\t\t\t\t<div class=\"elementor-element elementor-element-5b205e7 elementor-widget elementor-widget-heading\" data-id=\"5b205e7\" data-element_type=\"widget\" data-e-type=\"widget\" data-widget_type=\"heading.default\">\n\t\t\t\t\t<h1 class=\"elementor-heading-title elementor-size-default\">Oxum - \u00cdndice<\/h1>\t\t\t\t<\/div>\n\t\t\t\t<div class=\"elementor-element elementor-element-4fb63cf elementor-view-default elementor-widget elementor-widget-icon\" data-id=\"4fb63cf\" data-element_type=\"widget\" data-e-type=\"widget\" data-widget_type=\"icon.default\">\n\t\t\t\t\t\t\t<div class=\"elementor-icon-wrapper\">\n\t\t\t<a class=\"elementor-icon\" href=\"https:\/\/www.youtube.com\/watch?v=oo2vJG6hT5U&#038;list=PL6jgGdCKxizZU-yLa6kUJmHX3KBX7pJEd\" target=\"_blank\">\n\t\t\t<svg aria-hidden=\"true\" class=\"e-font-icon-svg e-fab-youtube\" viewBox=\"0 0 576 512\" xmlns=\"http:\/\/www.w3.org\/2000\/svg\"><path d=\"M549.655 124.083c-6.281-23.65-24.787-42.276-48.284-48.597C458.781 64 288 64 288 64S117.22 64 74.629 75.486c-23.497 6.322-42.003 24.947-48.284 48.597-11.412 42.867-11.412 132.305-11.412 132.305s0 89.438 11.412 132.305c6.281 23.65 24.787 41.5 48.284 47.821C117.22 448 288 448 288 448s170.78 0 213.371-11.486c23.497-6.321 42.003-24.171 48.284-47.821 11.412-42.867 11.412-132.305 11.412-132.305s0-89.438-11.412-132.305zm-317.51 213.508V175.185l142.739 81.205-142.739 81.201z\"><\/path><\/svg>\t\t\t<\/a>\n\t\t<\/div>\n\t\t\t\t\t\t<\/div>\n\t\t\t\t<\/div>\n\t\t\t\t<div class=\"elementor-element elementor-element-b0c2544 elementor-align-left elementor-widget elementor-widget-button\" data-id=\"b0c2544\" data-element_type=\"widget\" data-e-type=\"widget\" data-widget_type=\"button.default\">\n\t\t\t\t\t\t\t\t\t\t<a class=\"elementor-button elementor-button-link elementor-size-sm\" href=\"#1\">\n\t\t\t\t\t\t<span class=\"elementor-button-content-wrapper\">\n\t\t\t\t\t\t\t\t\t<span class=\"elementor-button-text\">1. Vim de Luanda<\/span>\n\t\t\t\t\t<\/span>\n\t\t\t\t\t<\/a>\n\t\t\t\t\t\t\t\t<\/div>\n\t\t\t\t<div class=\"elementor-element elementor-element-0df265d elementor-align-left elementor-widget elementor-widget-button\" data-id=\"0df265d\" data-element_type=\"widget\" data-e-type=\"widget\" data-widget_type=\"button.default\">\n\t\t\t\t\t\t\t\t\t\t<a class=\"elementor-button elementor-button-link elementor-size-sm\" href=\"#2\">\n\t\t\t\t\t\t<span class=\"elementor-button-content-wrapper\">\n\t\t\t\t\t\t\t\t\t<span class=\"elementor-button-text\">2. Canta Oxum<\/span>\n\t\t\t\t\t<\/span>\n\t\t\t\t\t<\/a>\n\t\t\t\t\t\t\t\t<\/div>\n\t\t\t\t<div class=\"elementor-element elementor-element-c07adef elementor-align-left elementor-widget elementor-widget-button\" data-id=\"c07adef\" data-element_type=\"widget\" data-e-type=\"widget\" data-widget_type=\"button.default\">\n\t\t\t\t\t\t\t\t\t\t<a class=\"elementor-button elementor-button-link elementor-size-sm\" href=\"#3\">\n\t\t\t\t\t\t<span class=\"elementor-button-content-wrapper\">\n\t\t\t\t\t\t\t\t\t<span class=\"elementor-button-text\">3. Eu vi Mam\u00e3e Oxum na cachoeira<\/span>\n\t\t\t\t\t<\/span>\n\t\t\t\t\t<\/a>\n\t\t\t\t\t\t\t\t<\/div>\n\t\t\t\t<div class=\"elementor-element elementor-element-9ae778a elementor-align-left elementor-widget elementor-widget-button\" data-id=\"9ae778a\" data-element_type=\"widget\" data-e-type=\"widget\" data-widget_type=\"button.default\">\n\t\t\t\t\t\t\t\t\t\t<a class=\"elementor-button elementor-button-link elementor-size-sm\" href=\"#4\">\n\t\t\t\t\t\t<span class=\"elementor-button-content-wrapper\">\n\t\t\t\t\t\t\t\t\t<span class=\"elementor-button-text\">4. Oro mi m\u00e1<\/span>\n\t\t\t\t\t<\/span>\n\t\t\t\t\t<\/a>\n\t\t\t\t\t\t\t\t<\/div>\n\t\t\t\t<div class=\"elementor-element elementor-element-0b97efe elementor-align-left elementor-widget elementor-widget-button\" data-id=\"0b97efe\" data-element_type=\"widget\" data-e-type=\"widget\" data-widget_type=\"button.default\">\n\t\t\t\t\t\t\t\t\t\t<a class=\"elementor-button elementor-button-link elementor-size-sm\" href=\"#5\">\n\t\t\t\t\t\t<span class=\"elementor-button-content-wrapper\">\n\t\t\t\t\t\t\t\t\t<span class=\"elementor-button-text\">5. Foi na beira do rio<\/span>\n\t\t\t\t\t<\/span>\n\t\t\t\t\t<\/a>\n\t\t\t\t\t\t\t\t<\/div>\n\t\t\t\t<div class=\"elementor-element elementor-element-abdcd86 elementor-align-left elementor-widget elementor-widget-button\" data-id=\"abdcd86\" data-element_type=\"widget\" data-e-type=\"widget\" data-widget_type=\"button.default\">\n\t\t\t\t\t\t\t\t\t\t<a class=\"elementor-button elementor-button-link elementor-size-sm\" href=\"#6\">\n\t\t\t\t\t\t<span class=\"elementor-button-content-wrapper\">\n\t\t\t\t\t\t\t\t\t<span class=\"elementor-button-text\">6. Mam\u00e3e Oxum estava sentada na pedreira<\/span>\n\t\t\t\t\t<\/span>\n\t\t\t\t\t<\/a>\n\t\t\t\t\t\t\t\t<\/div>\n\t\t\t\t<div class=\"elementor-element elementor-element-de5c47a elementor-align-left elementor-widget elementor-widget-button\" data-id=\"de5c47a\" data-element_type=\"widget\" data-e-type=\"widget\" data-widget_type=\"button.default\">\n\t\t\t\t\t\t\t\t\t\t<a class=\"elementor-button elementor-button-link elementor-size-sm\" href=\"#7\">\n\t\t\t\t\t\t<span class=\"elementor-button-content-wrapper\">\n\t\t\t\t\t\t\t\t\t<span class=\"elementor-button-text\">7. Despedida de Oxum faz chorar<\/span>\n\t\t\t\t\t<\/span>\n\t\t\t\t\t<\/a>\n\t\t\t\t\t\t\t\t<\/div>\n\t\t\t\t<div class=\"elementor-element elementor-element-1415d48 elementor-widget__width-initial elementor-widget elementor-widget-text-editor\" data-id=\"1415d48\" data-element_type=\"widget\" data-e-type=\"widget\" id=\"1\" data-widget_type=\"text-editor.default\">\n\t\t\t\t\t\t\t\t\t<h2>1. Vim de Luanda<\/h2><div><p><button class=\"toque-button\">congo<\/button><\/p><p><span style=\"font-weight: 400;\">Vim de Luanda<\/span><\/p><p><span style=\"font-weight: 400;\">Meu pai \u00e9 rei<\/span><\/p><p><span style=\"font-weight: 400;\">Eu sou Princesa Negra<\/span><\/p><p><span style=\"font-weight: 400;\">Minha palavra \u00e9 lei (2x)<\/span><\/p><p><span style=\"font-weight: 400;\">[espaco]<\/span><\/p><p><span style=\"font-weight: 400;\">Traz tapete vermelho que eu quero passar sem pedir licen\u00e7a<\/span><\/p><p><span style=\"font-weight: 400;\">Da mam\u00e3e Oxum, herdei altivez, sedu\u00e7\u00e3o e beleza<\/span><\/p><p><span style=\"font-weight: 400;\">Hoje a ordem do dia, eu digo: Meu povo, \u00e9 dan\u00e7ar afox\u00e9<\/span><\/p><p><span style=\"font-weight: 400;\">Bate, bate tambor que \u00e9 na palma da m\u00e3o, \u00e9 na ponta do p\u00e9<\/span><\/p><p><span style=\"font-weight: 400;\">[espaco]<\/span><\/p><p><span style=\"font-weight: 400;\">Bate tambor, bate atabaque<\/span><\/p><p><span style=\"font-weight: 400;\">Repica agog\u00f4 na imensid\u00e3o<\/span><\/p><p><span style=\"font-weight: 400;\">Hoje o decreto diz: seja livre e feliz<\/span><\/p><p><span style=\"font-weight: 400;\">Minha palavra \u00e9 lei<\/span><\/p><p><span style=\"font-weight: 400;\">Minha palavra \u00e9 lei (2x)<\/span><\/p><p>Colhendo l\u00edrio, l\u00edrio l\u00ea<\/p><p>Colhendo l\u00edrio, l\u00edrio l\u00e1<\/p><p>Colhendo l\u00edrios<\/p><p>Pra enfeitar nosso cong\u00e1 (2x)<\/p><div class=\"inline-buttons\" style=\"margin-top: 24px; margin-bottom: 24px;\"><a href=\"#indice\">\u2190<br \/><\/a><br \/><a href=\"#2\">\u2192<br \/><\/a><\/div><p><iframe title=\"YouTube video player\" src=\"https:\/\/www.youtube.com\/embed\/pW1RFB4re04?si=8SWRMX5ZVAq6913v\" width=\"560\" height=\"315\" frameborder=\"0\" allowfullscreen=\"allowfullscreen\"><\/iframe><\/p><\/div>\t\t\t\t\t\t\t\t<\/div>\n\t\t\t\t<div class=\"elementor-element elementor-element-107bcc6 elementor-widget__width-initial elementor-widget elementor-widget-text-editor\" data-id=\"107bcc6\" data-element_type=\"widget\" data-e-type=\"widget\" id=\"2\" data-widget_type=\"text-editor.default\">\n\t\t\t\t\t\t\t\t\t<h2>2. Canta Oxum<\/h2><div><p><button class=\"toque-button\">angola<\/button><\/p><p>Eu vi mam\u00e3e Oxum<\/p><p>Cantando na cachoeira<\/p><p>Dan\u00e7ando toda faceira<\/p><p>T\u00e3o linda como ela faz<\/p><p>[espaco]<\/p><p>E quando ela canta<\/p><p>Xang\u00f4 senta na pedreira<\/p><p>Ox\u00f3ssi l\u00e1 na ribeira<\/p><p>Nem vento n\u00e3o venta mais<\/p><p>[espaco]<\/p><p>Aie ieo Minha m\u00e3e<\/p><p>Aie ieo Mam\u00e3e Oxum<\/p><p>Aie ieo mo\u00e7a bonita<\/p><p>Demais (2x)<\/p><p>[espaco]<\/p><p><button class=\"toque-button\">ijex\u00e1<\/button><\/p><p>Canta Oxum<\/p><p>Alivia meu cora\u00e7\u00e3o<\/p><p>Me tira da solid\u00e3o<\/p><p>Me traz paz (2x)<\/p><div class=\"inline-buttons\" style=\"margin-top: 24px; margin-bottom: 24px;\"><a href=\"#1\">\u2190<br \/><\/a><br \/><a href=\"#3\">\u2192<br \/><\/a><\/div><p><iframe title=\"YouTube video player\" src=\"https:\/\/www.youtube.com\/embed\/7X4V3fg4-Ns?si=QRPViBl0dIjwLext\" width=\"560\" height=\"315\" frameborder=\"0\" allowfullscreen=\"allowfullscreen\"><\/iframe><\/p><\/div>\t\t\t\t\t\t\t\t<\/div>\n\t\t\t\t<div class=\"elementor-element elementor-element-9376b7e elementor-widget__width-initial elementor-widget elementor-widget-text-editor\" data-id=\"9376b7e\" data-element_type=\"widget\" data-e-type=\"widget\" id=\"3\" data-widget_type=\"text-editor.default\">\n\t\t\t\t\t\t\t\t\t<h2>3. Eu vi Mam\u00e3e Oxum na cachoeira<\/h2><div><p><button class=\"toque-button\">ijex\u00e1<\/button><\/p><p>Eu vi mam\u00e3e Oxum na cachoeira<\/p><p>Sentada na beira do rio (2x)<\/p><p>[espaco]<\/p><p>Colhendo l\u00edrio, l\u00edrio l\u00ea<\/p><p>Colhendo l\u00edrio, l\u00edrio l\u00e1<\/p><p>Colhendo l\u00edrios<\/p><p>Pra enfeitar nosso cong\u00e1 (2x)<\/p><div class=\"inline-buttons\" style=\"margin-top: 24px; margin-bottom: 24px;\"><a href=\"#2\">\u2190<br \/><\/a><br \/><a href=\"#4\">\u2192<br \/><\/a><\/div><p><iframe title=\"YouTube video player\" src=\"https:\/\/www.youtube.com\/embed\/MwAcwiZ33YA?si=a23Gt5pZ7JE9ufVt\" width=\"560\" height=\"315\" frameborder=\"0\" allowfullscreen=\"allowfullscreen\"><\/iframe><\/p><\/div>\t\t\t\t\t\t\t\t<\/div>\n\t\t\t\t<div class=\"elementor-element elementor-element-fa33c12 elementor-widget__width-initial elementor-widget elementor-widget-text-editor\" data-id=\"fa33c12\" data-element_type=\"widget\" data-e-type=\"widget\" id=\"4\" data-widget_type=\"text-editor.default\">\n\t\t\t\t\t\t\t\t\t<h2>4. Oro mi m\u00e1<\/h2><div><p><button class=\"toque-button\">ijex\u00e1<\/button><\/p><p>Quando eu era crian\u00e7a<\/p><p>Minha m\u00e3e cantava pra mim<\/p><p>Uma can\u00e7\u00e3o em yorub\u00e1<\/p><p>Cantava pra eu dormir<\/p><p>[espaco]<\/p><p>Uma can\u00e7\u00e3o muito linda<\/p><p>Que o seu pai te ensinou<\/p><p>Trazida da escravid\u00e3o<\/p><p>E cantada por seu av\u00f4<\/p><p>Era assim<\/p><p>[espaco]<\/p><p><b>Refr\u00e3o<\/b><\/p><p><b>Oro mi m\u00e1<\/b><\/p><p><b>Oro mi <\/b><b>mai\u00f3<\/b><\/p><p><b>Oro mi <\/b><b>mai\u00f3<\/b><\/p><p><b>Yabado<\/b> <b>oyeyeo<\/b><b> (2x)<\/b><\/p><p>[espaco]<\/p><p>Essa can\u00e7\u00e3o muito antiga<\/p><p>Do tempo da escravid\u00e3o<\/p><p>Os negros em sofrimento<\/p><p>Cantavam e alegravam o seu cora\u00e7\u00e3o<\/p><p>[espaco]<\/p><p>Presos naquelas senzalas<\/p><p>Dan\u00e7ando ijex\u00e1<\/p><p>Aquela can\u00e7\u00e3o muito linda<\/p><p>Com os versos em yorub\u00e1<\/p><p>Era assim<\/p><p>[espaco]<\/p><p><b>Refr\u00e3o<\/b><\/p><p>[espaco]<\/p><p>E Deus \u00e9 o mar<\/p><p>Deus \u00e9 o maior<\/p><p>Deus \u00e9 o maior<\/p><p>Me ajudou a vencer (2x)<\/p><div class=\"inline-buttons\" style=\"margin-top: 24px; margin-bottom: 24px;\"><a href=\"#3\">\u2190<br \/><\/a><br \/><a href=\"#5\">\u2192<br \/><\/a><\/div><p><iframe title=\"YouTube video player\" src=\"https:\/\/www.youtube.com\/embed\/sYRX_aNBte0?si=oW-FWTFePQz00eZV\" width=\"560\" height=\"315\" frameborder=\"0\" allowfullscreen=\"allowfullscreen\"><\/iframe><\/p><\/div>\t\t\t\t\t\t\t\t<\/div>\n\t\t\t\t<div class=\"elementor-element elementor-element-a6218ec elementor-widget__width-initial elementor-widget elementor-widget-text-editor\" data-id=\"a6218ec\" data-element_type=\"widget\" data-e-type=\"widget\" id=\"5\" data-widget_type=\"text-editor.default\">\n\t\t\t\t\t\t\t\t\t<h2>5. Foi na beira do rio<\/h2><div><p><button class=\"toque-button\">ijex\u00e1<\/button><\/p><p>Foi na beira do rio<\/p><p>A onde Oxum chorou (2x)<\/p><p>[espaco]<\/p><p>Chora Yey\u00ea \u00f4<\/p><p>Choram os filhos seus (2x)<\/p><div class=\"inline-buttons\" style=\"margin-top: 24px; margin-bottom: 24px;\"><a href=\"#4\">\u2190<br \/><\/a><br \/><a href=\"#6\">\u2192<br \/><\/a><\/div><p><iframe title=\"YouTube video player\" src=\"https:\/\/www.youtube.com\/embed\/t92QFDE_mV8?si=87JMLCJddr7JdrdW\" width=\"560\" height=\"315\" frameborder=\"0\" allowfullscreen=\"allowfullscreen\"><\/iframe><\/p><\/div>\t\t\t\t\t\t\t\t<\/div>\n\t\t\t\t<div class=\"elementor-element elementor-element-d92f13e elementor-widget__width-initial elementor-widget elementor-widget-text-editor\" data-id=\"d92f13e\" data-element_type=\"widget\" data-e-type=\"widget\" id=\"6\" data-widget_type=\"text-editor.default\">\n\t\t\t\t\t\t\t\t\t<h2>6. Mam\u00e3e Oxum estava sentada na pedreira<\/h2><div><p><button class=\"toque-button\">ijex\u00e1<\/button><\/p><p>Mam\u00e3e Oxum estava sentada na pedreira<\/p><p>Com a coroa sustentada por Xang\u00f4<\/p><p>Mam\u00e3e Oxum \u00e9 rainha das cachoeiras<\/p><p>Me d\u00ea suas b\u00ean\u00e7\u00e3os, irradie a sua luz!<\/p><p>[espaco]<\/p><p>Ora yey\u00eao! Ora yey\u00eao!<\/p><p>Ora yey\u00eao! Mam\u00e3e Oxum!<\/p><p>Ora yey\u00eao! Menina da agua encantada<\/p><p>Ora yey\u00eao! Ora yey\u00eao!<\/p><p>Ora yey\u00eao! Mam\u00e3e Oxum!<\/p><p>\u00c9 rainha do amor, da luz dourada! (2x)<\/p><\/div><div><div class=\"inline-buttons\" style=\"margin-top: 24px; margin-bottom: 24px;\"><a href=\"#5\">\u2190<br \/><\/a><br \/><a href=\"#7\">\u2192<br \/><\/a><\/div><p><iframe title=\"YouTube video player\" src=\"https:\/\/www.youtube.com\/embed\/sYRX_aNBte0?si=RuMBnvbxz2diYkti\" width=\"560\" height=\"315\" frameborder=\"0\" allowfullscreen=\"allowfullscreen\"><\/iframe><\/p><\/div>\t\t\t\t\t\t\t\t<\/div>\n\t\t\t\t<div class=\"elementor-element elementor-element-5691459 elementor-widget__width-initial elementor-widget elementor-widget-text-editor\" data-id=\"5691459\" data-element_type=\"widget\" data-e-type=\"widget\" id=\"7\" data-widget_type=\"text-editor.default\">\n\t\t\t\t\t\t\t\t\t<h2>7. Despedida de Oxum faz chorar<\/h2><div><p><button class=\"toque-button\">angola<\/button><\/p><p>A despedida da Oxum<\/p><p>Faz chorar faz chorar<\/p><p>Faz chorar<\/p><p>Faz lamentar<\/p><p>Faz chorar<\/p><div class=\"inline-buttons\" style=\"margin-top: 24px; margin-bottom: 24px;\"><a href=\"#6\">\u2190<\/a><\/div><p><iframe title=\"YouTube video player\" src=\"https:\/\/www.youtube.com\/embed\/sm44FX2j114?si=1SNJZTSZGQJScTm1\" width=\"560\" height=\"315\" frameborder=\"0\" allowfullscreen=\"allowfullscreen\"><\/iframe><\/p><\/div>\t\t\t\t\t\t\t\t<\/div>\n\t\t\t\t<\/div>\n\t\t\t\t<\/div>\n\t\t\t\t<\/div>\n\t\t","protected":false},"excerpt":{"rendered":"<p>Liturgia Orix\u00e1s Guias Oxum Oxum &#8211; \u00cdndice 1. Vim de Luanda 2. Canta Oxum 3. Eu vi Mam\u00e3e Oxum na cachoeira 4. Oro mi m\u00e1 5. Foi na beira do rio 6. Mam\u00e3e Oxum estava sentada na pedreira 7. Despedida de Oxum faz chorar 1. Vim de Luanda congo Vim de Luanda Meu pai \u00e9 [&hellip;]<\/p>\n","protected":false},"author":1,"featured_media":0,"parent":0,"menu_order":0,"comment_status":"closed","ping_status":"closed","template":"elementor_canvas","meta":{"footnotes":""},"class_list":["post-2240","page","type-page","status-publish","hentry"],"blocksy_meta":[],"_links":{"self":[{"href":"https:\/\/tuvemar.com.br\/liturgia\/wp-json\/wp\/v2\/pages\/2240","targetHints":{"allow":["GET"]}}],"collection":[{"href":"https:\/\/tuvemar.com.br\/liturgia\/wp-json\/wp\/v2\/pages"}],"about":[{"href":"https:\/\/tuvemar.com.br\/liturgia\/wp-json\/wp\/v2\/types\/page"}],"author":[{"embeddable":true,"href":"https:\/\/tuvemar.com.br\/liturgia\/wp-json\/wp\/v2\/users\/1"}],"replies":[{"embeddable":true,"href":"https:\/\/tuvemar.com.br\/liturgia\/wp-json\/wp\/v2\/comments?post=2240"}],"version-history":[{"count":1,"href":"https:\/\/tuvemar.com.br\/liturgia\/wp-json\/wp\/v2\/pages\/2240\/revisions"}],"predecessor-version":[{"id":2711,"href":"https:\/\/tuvemar.com.br\/liturgia\/wp-json\/wp\/v2\/pages\/2240\/revisions\/2711"}],"wp:attachment":[{"href":"https:\/\/tuvemar.com.br\/liturgia\/wp-json\/wp\/v2\/media?parent=2240"}],"curies":[{"name":"wp","href":"https:\/\/api.w.org\/{rel}","templated":true}]}}